{"id":811,"date":"2021-02-25T06:15:22","date_gmt":"2021-02-25T06:15:22","guid":{"rendered":"https:\/\/wingsofchange.co\/?page_id=811"},"modified":"2021-03-11T16:58:20","modified_gmt":"2021-03-11T16:58:20","slug":"mentions-legales-et-clause-de-non-responsabilite","status":"publish","type":"page","link":"https:\/\/wingsofchange.co\/fr\/mentions-legales-et-clause-de-non-responsabilite\/","title":{"rendered":"Mentions l\u00e9gales et clause de non-responsabilit\u00e9"},"content":{"rendered":"<p>[vc_row][vc_column][vc_column_text]<\/p>\n<div class=\"h1Heading\">\n<p>&nbsp;<\/p>\n<h1 class=\"line\"><span class=\"VIiyi\" lang=\"fr\"><span class=\"JLqJ4b\" data-language-for-alternatives=\"fr\" data-language-to-translate-into=\"en\" data-phrase-index=\"0\">Mentions l\u00e9gales et clause de non-responsabilit\u00e9<\/span><\/span><\/h1>\n<\/div>\n<p>&nbsp;<\/p>\n<p><strong>WINGS OF CHANGE<\/strong><br \/>\nAmbatozavavy, BP 73<br \/>\n207 Nosy be<br \/>\nMadagascar<\/p>\n<p>&nbsp;<\/p>\n<p><span class=\"VIiyi\" lang=\"fr\"><span class=\"JLqJ4b\" data-language-for-alternatives=\"fr\" data-language-to-translate-into=\"en\" data-phrase-index=\"0\">T\u00e9l\u00e9phone:<\/span><\/span> +261 32 02 203 60<br \/>\nE-mail: <a href=\"mailto:info@wingsofchange.co\">info@wingsofchange.co<\/a><br \/>\n<span class=\"VIiyi\" lang=\"fr\"><span class=\"JLqJ4b\" data-language-for-alternatives=\"fr\" data-language-to-translate-into=\"en\" data-phrase-index=\"0\">Site Web<\/span><\/span>: <a href=\"http:\/\/wingsofchange.co\/\">www.wingsofchange.co<\/a><\/p>\n<p>&nbsp;<\/p>\n<p><strong><span class=\"VIiyi\" lang=\"fr\"><span class=\"JLqJ4b\" data-language-for-alternatives=\"fr\" data-language-to-translate-into=\"en\" data-phrase-index=\"0\">D\u00e9ni de responsabilit\u00e9<\/span><\/span><\/strong><\/p>\n<p><span class=\"VIiyi\" lang=\"fr\"><span class=\"JLqJ4b\" data-language-for-alternatives=\"fr\" data-language-to-translate-into=\"en\" data-phrase-index=\"0\">L&rsquo;exploitant du site Web d\u00e9cline toute responsabilit\u00e9 quant \u00e0 l&rsquo;exactitude, l&rsquo;exactitude, l&rsquo;actualit\u00e9, l&rsquo;exhaustivit\u00e9 ou la fiabilit\u00e9 des informations publi\u00e9es. R\u00e9clamations en responsabilit\u00e9 contre l&rsquo;exploitant du site Web en raison de dommages mat\u00e9riels ou immat\u00e9riels de toute nature, r\u00e9sultant de la pr\u00e9sence, de l&rsquo;utilisation ou \u00e9galement de la non-utilisation des donn\u00e9es mises \u00e0 disposition, d&rsquo;une mauvaise utilisation de la connexion Internet ou d&rsquo;\u00e9ventuelles erreurs techniques, sont exclus. Toutes les offres publi\u00e9es sont sans engagement. L&rsquo;exploitant du site Web a le droit de modifier, de compl\u00e9ter ou de supprimer des parties de sites Web ou m\u00eame la totalit\u00e9 du contenu sans pr\u00e9avis ou de cesser partiellement ou compl\u00e8tement la publication.<\/span><\/span><\/p>\n<p>&nbsp;<\/p>\n<p><strong><span class=\"VIiyi\" lang=\"fr\"><span class=\"JLqJ4b\" data-language-for-alternatives=\"fr\" data-language-to-translate-into=\"en\" data-phrase-index=\"0\">Clause de non-responsabilit\u00e9 pour les liens<\/span><\/span><br \/>\n<\/strong><\/p>\n<p><span class=\"VIiyi\" lang=\"fr\"><span class=\"JLqJ4b\" data-language-for-alternatives=\"fr\" data-language-to-translate-into=\"en\" data-phrase-index=\"0\">Les liens vers des sites Web de tiers, ainsi que les r\u00e9f\u00e9rences \u00e0 ceux-ci, ne rel\u00e8vent pas de la responsabilit\u00e9 de l&rsquo;exploitant du site Web. Toute responsabilit\u00e9 quant au contenu de ces pages Web est rejet\u00e9e. Quiconque acc\u00e8de, visite ou utilise des sites Web tiers le fait \u00e0 ses propres risques.<\/span><\/span><\/p>\n<p>&nbsp;<\/p>\n<p><strong>Copyrights<\/strong><\/p>\n<p><span class=\"VIiyi\" lang=\"fr\"><span class=\"JLqJ4b\" data-language-for-alternatives=\"fr\" data-language-to-translate-into=\"en\" data-phrase-index=\"0\">Le droit d&rsquo;auteur et tous les autres droits sur les textes, images, photos ou fichiers sur le site Web appartiennent exclusivement \u00e0 l&rsquo;exploitant du site Web ou aux ayants droit d\u00e9clar\u00e9s. La reproduction des \u00e9l\u00e9ments n\u00e9cessite l&rsquo;accord \u00e9crit des titulaires des droits d&rsquo;auteur.<\/span><\/span>[\/vc_column_text][\/vc_column][\/vc_row]<\/p>\n","protected":false},"excerpt":{"rendered":"<p>[vc_row][vc_column][vc_column_text] &nbsp; Mentions l\u00e9gales et clause de non-responsabilit\u00e9 &nbsp; WINGS OF CHANGE Ambatozavavy, BP 73 207 Nosy be Madagascar &nbsp; T\u00e9l\u00e9phone: +261 32 02 203 60<span class=\"excerpt-hellip\"> [\u2026]<\/span><\/p>\n","protected":false},"author":4,"featured_media":0,"parent":0,"menu_order":9,"comment_status":"closed","ping_status":"closed","template":"","meta":{"footnotes":""},"_links":{"self":[{"href":"https:\/\/wingsofchange.co\/fr\/wp-json\/wp\/v2\/pages\/811"}],"collection":[{"href":"https:\/\/wingsofchange.co\/fr\/wp-json\/wp\/v2\/pages"}],"about":[{"href":"https:\/\/wingsofchange.co\/fr\/wp-json\/wp\/v2\/types\/page"}],"author":[{"embeddable":true,"href":"https:\/\/wingsofchange.co\/fr\/wp-json\/wp\/v2\/users\/4"}],"replies":[{"embeddable":true,"href":"https:\/\/wingsofchange.co\/fr\/wp-json\/wp\/v2\/comments?post=811"}],"version-history":[{"count":4,"href":"https:\/\/wingsofchange.co\/fr\/wp-json\/wp\/v2\/pages\/811\/revisions"}],"predecessor-version":[{"id":988,"href":"https:\/\/wingsofchange.co\/fr\/wp-json\/wp\/v2\/pages\/811\/revisions\/988"}],"wp:attachment":[{"href":"https:\/\/wingsofchange.co\/fr\/wp-json\/wp\/v2\/media?parent=811"}],"curies":[{"name":"wp","href":"https:\/\/api.w.org\/{rel}","templated":true}]}}