{"id":3170,"date":"2025-08-04T10:10:41","date_gmt":"2025-08-04T10:10:41","guid":{"rendered":"https:\/\/wingsofchange.co\/?page_id=3170"},"modified":"2025-08-04T10:16:53","modified_gmt":"2025-08-04T10:16:53","slug":"la-generosite-relie-dubai-et-madagascar-des-ordinateurs-portables-pour-autonomiser-les-jeunes-de-wings-of-change","status":"publish","type":"page","link":"https:\/\/wingsofchange.co\/fr\/la-generosite-relie-dubai-et-madagascar-des-ordinateurs-portables-pour-autonomiser-les-jeunes-de-wings-of-change\/","title":{"rendered":"La G\u00e9n\u00e9rosit\u00e9  Relie Duba\u00ef et Madagascar : Des Ordinateurs Portables pour Autonomiser les Jeunes de Wings of Change"},"content":{"rendered":"","protected":false},"excerpt":{"rendered":"","protected":false},"author":4,"featured_media":-1,"parent":0,"menu_order":0,"comment_status":"closed","ping_status":"closed","template":"","meta":{"footnotes":""},"_links":{"self":[{"href":"https:\/\/wingsofchange.co\/fr\/wp-json\/wp\/v2\/pages\/3170"}],"collection":[{"href":"https:\/\/wingsofchange.co\/fr\/wp-json\/wp\/v2\/pages"}],"about":[{"href":"https:\/\/wingsofchange.co\/fr\/wp-json\/wp\/v2\/types\/page"}],"author":[{"embeddable":true,"href":"https:\/\/wingsofchange.co\/fr\/wp-json\/wp\/v2\/users\/4"}],"replies":[{"embeddable":true,"href":"https:\/\/wingsofchange.co\/fr\/wp-json\/wp\/v2\/comments?post=3170"}],"version-history":[{"count":1,"href":"https:\/\/wingsofchange.co\/fr\/wp-json\/wp\/v2\/pages\/3170\/revisions"}],"predecessor-version":[{"id":3171,"href":"https:\/\/wingsofchange.co\/fr\/wp-json\/wp\/v2\/pages\/3170\/revisions\/3171"}],"wp:featuredmedia":[{"embeddable":true,"href":"https:\/\/wingsofchange.co\/fr\/wp-json\/"}],"wp:attachment":[{"href":"https:\/\/wingsofchange.co\/fr\/wp-json\/wp\/v2\/media?parent=3170"}],"curies":[{"name":"wp","href":"https:\/\/api.w.org\/{rel}","templated":true}]}}