{"id":3159,"date":"2025-07-25T11:48:48","date_gmt":"2025-07-25T11:48:48","guid":{"rendered":"https:\/\/wingsofchange.co\/?page_id=3159"},"modified":"2025-07-25T12:39:03","modified_gmt":"2025-07-25T12:39:03","slug":"empreinte-numerique-de-gaspard-autonomiser-les-eleves-grace-aux-competences-numeriques","status":"publish","type":"page","link":"https:\/\/wingsofchange.co\/fr\/empreinte-numerique-de-gaspard-autonomiser-les-eleves-grace-aux-competences-numeriques\/","title":{"rendered":"Empreinte Num\u00e9rique de Gaspard : Autonomiser les \u00c9l\u00e8ves gr\u00e2ce aux Comp\u00e9tences Num\u00e9riques"},"content":{"rendered":"","protected":false},"excerpt":{"rendered":"","protected":false},"author":4,"featured_media":-1,"parent":0,"menu_order":0,"comment_status":"closed","ping_status":"closed","template":"","meta":{"footnotes":""},"_links":{"self":[{"href":"https:\/\/wingsofchange.co\/fr\/wp-json\/wp\/v2\/pages\/3159"}],"collection":[{"href":"https:\/\/wingsofchange.co\/fr\/wp-json\/wp\/v2\/pages"}],"about":[{"href":"https:\/\/wingsofchange.co\/fr\/wp-json\/wp\/v2\/types\/page"}],"author":[{"embeddable":true,"href":"https:\/\/wingsofchange.co\/fr\/wp-json\/wp\/v2\/users\/4"}],"replies":[{"embeddable":true,"href":"https:\/\/wingsofchange.co\/fr\/wp-json\/wp\/v2\/comments?post=3159"}],"version-history":[{"count":2,"href":"https:\/\/wingsofchange.co\/fr\/wp-json\/wp\/v2\/pages\/3159\/revisions"}],"predecessor-version":[{"id":3161,"href":"https:\/\/wingsofchange.co\/fr\/wp-json\/wp\/v2\/pages\/3159\/revisions\/3161"}],"wp:featuredmedia":[{"embeddable":true,"href":"https:\/\/wingsofchange.co\/fr\/wp-json\/"}],"wp:attachment":[{"href":"https:\/\/wingsofchange.co\/fr\/wp-json\/wp\/v2\/media?parent=3159"}],"curies":[{"name":"wp","href":"https:\/\/api.w.org\/{rel}","templated":true}]}}