{"id":3132,"date":"2025-07-07T08:32:06","date_gmt":"2025-07-07T08:32:06","guid":{"rendered":"https:\/\/wingsofchange.co\/?page_id=3132"},"modified":"2025-07-07T08:35:33","modified_gmt":"2025-07-07T08:35:33","slug":"de-londres-a-madagascar-gade-londres-a-madagascar-gaspard-15-ans-transmet-le-pouvoir-du-numerique-a-la-jeunessespard-15-ans-transmet-le-pouvoir-du-numerique-a-la-jeunesse","status":"publish","type":"page","link":"https:\/\/wingsofchange.co\/fr\/de-londres-a-madagascar-gade-londres-a-madagascar-gaspard-15-ans-transmet-le-pouvoir-du-numerique-a-la-jeunessespard-15-ans-transmet-le-pouvoir-du-numerique-a-la-jeunesse\/","title":{"rendered":"De Londres \u00e0 Madagascar : GaDe Londres \u00c0 Madagascar : Gaspard, 15 Ans, Transmet Le Pouvoir Du Num\u00e9rique \u00c0 La Jeunessespard, 15 ans, transmet le pouvoir du num\u00e9rique \u00e0 la jeunesse"},"content":{"rendered":"","protected":false},"excerpt":{"rendered":"","protected":false},"author":4,"featured_media":-1,"parent":0,"menu_order":0,"comment_status":"closed","ping_status":"closed","template":"","meta":{"footnotes":""},"_links":{"self":[{"href":"https:\/\/wingsofchange.co\/fr\/wp-json\/wp\/v2\/pages\/3132"}],"collection":[{"href":"https:\/\/wingsofchange.co\/fr\/wp-json\/wp\/v2\/pages"}],"about":[{"href":"https:\/\/wingsofchange.co\/fr\/wp-json\/wp\/v2\/types\/page"}],"author":[{"embeddable":true,"href":"https:\/\/wingsofchange.co\/fr\/wp-json\/wp\/v2\/users\/4"}],"replies":[{"embeddable":true,"href":"https:\/\/wingsofchange.co\/fr\/wp-json\/wp\/v2\/comments?post=3132"}],"version-history":[{"count":1,"href":"https:\/\/wingsofchange.co\/fr\/wp-json\/wp\/v2\/pages\/3132\/revisions"}],"predecessor-version":[{"id":3133,"href":"https:\/\/wingsofchange.co\/fr\/wp-json\/wp\/v2\/pages\/3132\/revisions\/3133"}],"wp:featuredmedia":[{"embeddable":true,"href":"https:\/\/wingsofchange.co\/fr\/wp-json\/"}],"wp:attachment":[{"href":"https:\/\/wingsofchange.co\/fr\/wp-json\/wp\/v2\/media?parent=3132"}],"curies":[{"name":"wp","href":"https:\/\/api.w.org\/{rel}","templated":true}]}}