{"id":3117,"date":"2025-07-04T11:25:31","date_gmt":"2025-07-04T11:25:31","guid":{"rendered":"https:\/\/wingsofchange.co\/?page_id=3117"},"modified":"2025-07-10T12:28:36","modified_gmt":"2025-07-10T12:28:36","slug":"a-seulement-12-ans-valentine-senvole-de-dubai-vers-madagascar-pour-consacrer-ses-vacances-dete-2025-a-lenseignement-denfants-defavorises-ages-de-5-a-15-ans-a-madag","status":"publish","type":"page","link":"https:\/\/wingsofchange.co\/fr\/a-seulement-12-ans-valentine-senvole-de-dubai-vers-madagascar-pour-consacrer-ses-vacances-dete-2025-a-lenseignement-denfants-defavorises-ages-de-5-a-15-ans-a-madag\/","title":{"rendered":"\u00c0 seulement 12 ans, Valentine s\u2019envole de Duba\u00ef vers Madagascar pour consacrer ses vacances d\u2019\u00e9t\u00e9 2025 \u00e0 l\u2019enseignement d\u2019enfants d\u00e9favoris\u00e9s \u00e2g\u00e9s de 5 \u00e0 15 ans \u00e0 MADAGASCAR"},"content":{"rendered":"","protected":false},"excerpt":{"rendered":"","protected":false},"author":4,"featured_media":-1,"parent":0,"menu_order":0,"comment_status":"closed","ping_status":"closed","template":"","meta":{"footnotes":""},"_links":{"self":[{"href":"https:\/\/wingsofchange.co\/fr\/wp-json\/wp\/v2\/pages\/3117"}],"collection":[{"href":"https:\/\/wingsofchange.co\/fr\/wp-json\/wp\/v2\/pages"}],"about":[{"href":"https:\/\/wingsofchange.co\/fr\/wp-json\/wp\/v2\/types\/page"}],"author":[{"embeddable":true,"href":"https:\/\/wingsofchange.co\/fr\/wp-json\/wp\/v2\/users\/4"}],"replies":[{"embeddable":true,"href":"https:\/\/wingsofchange.co\/fr\/wp-json\/wp\/v2\/comments?post=3117"}],"version-history":[{"count":3,"href":"https:\/\/wingsofchange.co\/fr\/wp-json\/wp\/v2\/pages\/3117\/revisions"}],"predecessor-version":[{"id":3136,"href":"https:\/\/wingsofchange.co\/fr\/wp-json\/wp\/v2\/pages\/3117\/revisions\/3136"}],"wp:featuredmedia":[{"embeddable":true,"href":"https:\/\/wingsofchange.co\/fr\/wp-json\/"}],"wp:attachment":[{"href":"https:\/\/wingsofchange.co\/fr\/wp-json\/wp\/v2\/media?parent=3117"}],"curies":[{"name":"wp","href":"https:\/\/api.w.org\/{rel}","templated":true}]}}