{"id":3049,"date":"2025-05-26T09:50:59","date_gmt":"2025-05-26T09:50:59","guid":{"rendered":"https:\/\/wingsofchange.co\/?page_id=3049"},"modified":"2025-05-26T10:08:41","modified_gmt":"2025-05-26T10:08:41","slug":"un-moment-de-fierte-la-ministre-du-tourisme-en-visite-a-wings-of-change","status":"publish","type":"page","link":"https:\/\/wingsofchange.co\/fr\/un-moment-de-fierte-la-ministre-du-tourisme-en-visite-a-wings-of-change\/","title":{"rendered":"Un Moment de Fiert\u00e9 : La Ministre du Tourisme en Visite \u00e0 Wings of Change"},"content":{"rendered":"<p data-start=\"147\" data-end=\"200\">Le 23 mai 2025 restera \u00e0 jamais grav\u00e9 dans nos c\u0153urs.<\/p>\n<p data-start=\"202\" data-end=\"776\">Le vendredi dernier n&rsquo;\u00e9tait pas un jour ordinaire \u00e0 Wings of Change, \u00e0 Nosy Be, Madagascar. Le campus vibrait d&rsquo;\u00e9nergie, d&rsquo;excitation et de fiert\u00e9 alors que nous avons eu l&rsquo;honneur extraordinaire d&rsquo;accueillir <strong data-start=\"411\" data-end=\"456\">Madame Viviane DEWA, Ministre du Tourisme<\/strong>, pour une visite inattendue sur notre campus. Pour nos \u00e9tudiants et notre personnel, ce n&rsquo;\u00e9tait pas simplement une visite officielle \u2014 c&rsquo;\u00e9tait une c\u00e9l\u00e9bration de la passion, de l&rsquo;engagement et du potentiel qui animent chacune de nos actions. Nos \u00e9tudiants n&rsquo;ont cess\u00e9 de parler de cette visite tout au long du week-end.<\/p>\n<p data-start=\"778\" data-end=\"1301\">Alors que la Ministre a visit\u00e9 nos installations, \u00e9chang\u00e9 avec les \u00e9tudiants et d\u00e9couvert davantage notre mission, il est rapidement devenu \u00e9vident qu&rsquo;il ne s&rsquo;agissait pas d&rsquo;une simple visite de courtoisie. Ce fut un moment de reconnaissance pour le travail acharn\u00e9 que fournissent nos \u00e9l\u00e8ves afin de devenir la prochaine g\u00e9n\u00e9ration de professionnels de l\u2019h\u00f4tellerie et du tourisme. L\u2019implication chaleureuse de la Ministre, sa curiosit\u00e9 sinc\u00e8re et ses paroles d\u2019encouragement ont laiss\u00e9 une impression profonde et durable.<\/p>\n<p data-start=\"1303\" data-end=\"1706\">Les \u00e9tudiants ont fi\u00e8rement pr\u00e9sent\u00e9 leurs comp\u00e9tences et partag\u00e9 leurs exp\u00e9riences, transformant la visite en un \u00e9change vivant et inspirant. Beaucoup ont qualifi\u00e9 cette journ\u00e9e d\u2019<strong data-start=\"1484\" data-end=\"1501\">\u201cinoubliable\u201d<\/strong> et de <strong data-start=\"1508\" data-end=\"1533\">\u201cplus que motivante.\u201d<\/strong> Cette visite n\u2019a pas seulement \u00e9t\u00e9 un moment fort de l\u2019ann\u00e9e scolaire \u2014 elle a \u00e9t\u00e9 un puissant rappel que leurs efforts sont vus, appr\u00e9ci\u00e9s et soutenus au plus haut niveau.<\/p>\n<p data-start=\"1708\" data-end=\"2047\">Nous sommes profond\u00e9ment reconnaissants \u00e0 la Ministre pour son temps, ses encouragements et sa vision de l\u2019avenir du tourisme \u00e0 Madagascar. Cette visite a renforc\u00e9 notre engagement \u00e0 former les leaders de demain dans l\u2019industrie du tourisme et a rappel\u00e9 \u00e0 chacun de nous, \u00e0 Wings of Change, que nous sommes v\u00e9ritablement sur la bonne voie.<\/p>\n<p data-start=\"2049\" data-end=\"2151\"><strong data-start=\"2049\" data-end=\"2151\">\u00c0 d\u2019autres \u00e9tapes importantes, \u00e0 plus d\u2019inspiration, et \u00e0 encore de nombreux moments inoubliables.<\/strong><\/p>\n","protected":false},"excerpt":{"rendered":"<p>Le 23 mai 2025 restera \u00e0 jamais grav\u00e9 dans nos c\u0153urs. Le vendredi dernier n&rsquo;\u00e9tait pas un jour ordinaire \u00e0 Wings of Change, \u00e0 Nosy Be,<span class=\"excerpt-hellip\"> [\u2026]<\/span><\/p>\n","protected":false},"author":4,"featured_media":0,"parent":0,"menu_order":0,"comment_status":"closed","ping_status":"closed","template":"","meta":{"footnotes":""},"_links":{"self":[{"href":"https:\/\/wingsofchange.co\/fr\/wp-json\/wp\/v2\/pages\/3049"}],"collection":[{"href":"https:\/\/wingsofchange.co\/fr\/wp-json\/wp\/v2\/pages"}],"about":[{"href":"https:\/\/wingsofchange.co\/fr\/wp-json\/wp\/v2\/types\/page"}],"author":[{"embeddable":true,"href":"https:\/\/wingsofchange.co\/fr\/wp-json\/wp\/v2\/users\/4"}],"replies":[{"embeddable":true,"href":"https:\/\/wingsofchange.co\/fr\/wp-json\/wp\/v2\/comments?post=3049"}],"version-history":[{"count":1,"href":"https:\/\/wingsofchange.co\/fr\/wp-json\/wp\/v2\/pages\/3049\/revisions"}],"predecessor-version":[{"id":3050,"href":"https:\/\/wingsofchange.co\/fr\/wp-json\/wp\/v2\/pages\/3049\/revisions\/3050"}],"wp:attachment":[{"href":"https:\/\/wingsofchange.co\/fr\/wp-json\/wp\/v2\/media?parent=3049"}],"curies":[{"name":"wp","href":"https:\/\/api.w.org\/{rel}","templated":true}]}}