{"id":2337,"date":"2023-11-09T04:18:58","date_gmt":"2023-11-09T04:18:58","guid":{"rendered":"https:\/\/wingsofchange.co\/?page_id=2337"},"modified":"2023-11-09T04:48:07","modified_gmt":"2023-11-09T04:48:07","slug":"students-creativities","status":"publish","type":"page","link":"https:\/\/wingsofchange.co\/fr\/nos-projets\/ecole-hoteliere\/students-creativities\/","title":{"rendered":"Cr\u00e9ativit\u00e9s des \u00e9tudiants"},"content":{"rendered":"","protected":false},"excerpt":{"rendered":"","protected":false},"author":4,"featured_media":0,"parent":741,"menu_order":211,"comment_status":"closed","ping_status":"closed","template":"","meta":{"footnotes":""},"_links":{"self":[{"href":"https:\/\/wingsofchange.co\/fr\/wp-json\/wp\/v2\/pages\/2337"}],"collection":[{"href":"https:\/\/wingsofchange.co\/fr\/wp-json\/wp\/v2\/pages"}],"about":[{"href":"https:\/\/wingsofchange.co\/fr\/wp-json\/wp\/v2\/types\/page"}],"author":[{"embeddable":true,"href":"https:\/\/wingsofchange.co\/fr\/wp-json\/wp\/v2\/users\/4"}],"replies":[{"embeddable":true,"href":"https:\/\/wingsofchange.co\/fr\/wp-json\/wp\/v2\/comments?post=2337"}],"version-history":[{"count":2,"href":"https:\/\/wingsofchange.co\/fr\/wp-json\/wp\/v2\/pages\/2337\/revisions"}],"predecessor-version":[{"id":2339,"href":"https:\/\/wingsofchange.co\/fr\/wp-json\/wp\/v2\/pages\/2337\/revisions\/2339"}],"up":[{"embeddable":true,"href":"https:\/\/wingsofchange.co\/fr\/wp-json\/wp\/v2\/pages\/741"}],"wp:attachment":[{"href":"https:\/\/wingsofchange.co\/fr\/wp-json\/wp\/v2\/media?parent=2337"}],"curies":[{"name":"wp","href":"https:\/\/api.w.org\/{rel}","templated":true}]}}