{"id":1649,"date":"2022-02-03T09:20:42","date_gmt":"2022-02-03T09:20:42","guid":{"rendered":"https:\/\/wingsofchange.co\/?page_id=1649"},"modified":"2024-12-06T10:55:00","modified_gmt":"2024-12-06T10:55:00","slug":"etudiants-benevoles","status":"publish","type":"page","link":"https:\/\/wingsofchange.co\/fr\/a-propos-de-nous\/etudiants-benevoles\/","title":{"rendered":"\u00c9tudiants b\u00e9n\u00e9voles"},"content":{"rendered":"","protected":false},"excerpt":{"rendered":"","protected":false},"author":4,"featured_media":0,"parent":813,"menu_order":46,"comment_status":"closed","ping_status":"closed","template":"","meta":{"footnotes":""},"_links":{"self":[{"href":"https:\/\/wingsofchange.co\/fr\/wp-json\/wp\/v2\/pages\/1649"}],"collection":[{"href":"https:\/\/wingsofchange.co\/fr\/wp-json\/wp\/v2\/pages"}],"about":[{"href":"https:\/\/wingsofchange.co\/fr\/wp-json\/wp\/v2\/types\/page"}],"author":[{"embeddable":true,"href":"https:\/\/wingsofchange.co\/fr\/wp-json\/wp\/v2\/users\/4"}],"replies":[{"embeddable":true,"href":"https:\/\/wingsofchange.co\/fr\/wp-json\/wp\/v2\/comments?post=1649"}],"version-history":[{"count":2,"href":"https:\/\/wingsofchange.co\/fr\/wp-json\/wp\/v2\/pages\/1649\/revisions"}],"predecessor-version":[{"id":1652,"href":"https:\/\/wingsofchange.co\/fr\/wp-json\/wp\/v2\/pages\/1649\/revisions\/1652"}],"up":[{"embeddable":true,"href":"https:\/\/wingsofchange.co\/fr\/wp-json\/wp\/v2\/pages\/813"}],"wp:attachment":[{"href":"https:\/\/wingsofchange.co\/fr\/wp-json\/wp\/v2\/media?parent=1649"}],"curies":[{"name":"wp","href":"https:\/\/api.w.org\/{rel}","templated":true}]}}